{"id":33,"date":"2019-04-25T14:16:16","date_gmt":"2019-04-25T14:16:16","guid":{"rendered":"http:\/\/supportblock.de\/?page_id=33"},"modified":"2022-02-14T19:44:08","modified_gmt":"2022-02-14T19:44:08","slug":"ueber-den-supportblock","status":"publish","type":"page","link":"https:\/\/supportblock.de\/","title":{"rendered":"Supportblock Sankt Pauli"},"content":{"rendered":"\n<p><strong>Wer ist eigentlich dieser Supportblock?<\/strong><\/p>\n\n\n\n<p>Der Supportblock ist weder Fanclub noch verschworene Gemeinschaft: Wir sind einfach ein kleiner Haufen Fans, die es laut und bunt lieben! Choreos lassen unsere Herzen h\u00f6her schlagen und Gegentore halten uns nicht vom Singen ab. Einige von uns sind in Fanclubs organisiert, andere sind Teil der \u201eunorganisierten\u201c, aber nicht minder tatkr\u00e4ftigen Fanszene. Mal sind wir 5, mal sind wir 40. Mitgliederausweise gibt es nicht \u2013 machst du mit, bist du Teil des Supportblocks. <\/p>\n\n\n\n<p><strong>Warum gibt es den Supportblock?<\/strong><\/p>\n\n\n\n<p>Die Gegengerade war einst Keimzelle der aktiven und lauten Fankultur beim FC St. Pauli \u2013 seit dem Umzug von USP auf die S\u00fcdkurve war davon allerdings immer weniger zu sp\u00fcren. Der Supportblock wurde 2012 als ein Versuch gegr\u00fcndet, die Gegengerade mit neuem Leben zu f\u00fcllen: Alle, die Lust auf mehr haben, sollen dort einen Anlaufpunkt finden und die M\u00f6glichkeit, gemeinsam etwas auf die Beine zu stellen, was den FC St. Pauli ein St\u00fcck liebenswerter macht. <\/p>\n\n\n\n<p><strong>Was macht der Supportblock denn nun genau?<\/strong><\/p>\n\n\n\n<p>Bei Heimspielen: In Block D ein Supportinselchen bilden,\nsingen und h\u00fcpfen und auch mal die Trommel auspacken. <\/p>\n\n\n\n<p>Ausw\u00e4rts: Ein bisschen S\u00fcdkurvenfeeling genie\u00dfen. <\/p>\n\n\n\n<p>Drumherum: Choreos vorbereiten, \u00fcber Fu\u00dfball quatschen, Biere und Limos trinken, in der restlichen Fanszene mitmischen, Tresenschichten, Kontakte und Freundschaften (auch Richtung S\u00fcd- und Nordkurve) pflegen.<\/p>\n\n\n\n<p><strong>Wie kann ich beim Supportblock mitmachen?<\/strong><\/p>\n\n\n\n<p>Wenn du auch Lust darauf hast, an einer lauten und bunten Gegengerade mitzuwirken, schreib uns am besten einfach an (<a href=\"https:\/\/supportblock.de\/#section-61\">Kontakt<\/a>). Wir sagen dann Bescheid, was als N\u00e4chstes ansteht \u2013 ob Kneipenabend, Tresenschicht, Choreotreffen oder was auch immer \u2013 und dann kannst du vorbeikommen und uns kennenlernen. Wir freuen uns \u00fcber Unterst\u00fctzung und wir sind lieb, also bitte nicht sch\u00fcchtern sein! <\/p>\n","protected":false},"excerpt":{"rendered":"<p>Wer ist eigentlich dieser Supportblock? Der Supportblock ist weder Fanclub noch verschworene Gemeinschaft: Wir sind einfach ein kleiner Haufen Fans, die es laut und bunt lieben! Choreos lassen unsere Herzen h\u00f6her schlagen und Gegentore halten uns nicht vom Singen ab. Einige von uns sind in Fanclubs organisiert, andere sind Teil der \u201eunorganisierten\u201c, aber nicht minder&#8230;<\/p>\n","protected":false},"author":2,"featured_media":0,"parent":0,"menu_order":0,"comment_status":"closed","ping_status":"closed","template":"","meta":{"footnotes":""},"class_list":["post-33","page","type-page","status-publish","hentry"],"_links":{"self":[{"href":"https:\/\/supportblock.de\/index.php?rest_route=\/wp\/v2\/pages\/33","targetHints":{"allow":["GET"]}}],"collection":[{"href":"https:\/\/supportblock.de\/index.php?rest_route=\/wp\/v2\/pages"}],"about":[{"href":"https:\/\/supportblock.de\/index.php?rest_route=\/wp\/v2\/types\/page"}],"author":[{"embeddable":true,"href":"https:\/\/supportblock.de\/index.php?rest_route=\/wp\/v2\/users\/2"}],"replies":[{"embeddable":true,"href":"https:\/\/supportblock.de\/index.php?rest_route=%2Fwp%2Fv2%2Fcomments&post=33"}],"version-history":[{"count":5,"href":"https:\/\/supportblock.de\/index.php?rest_route=\/wp\/v2\/pages\/33\/revisions"}],"predecessor-version":[{"id":169,"href":"https:\/\/supportblock.de\/index.php?rest_route=\/wp\/v2\/pages\/33\/revisions\/169"}],"wp:attachment":[{"href":"https:\/\/supportblock.de\/index.php?rest_route=%2Fwp%2Fv2%2Fmedia&parent=33"}],"curies":[{"name":"wp","href":"https:\/\/api.w.org\/{rel}","templated":true}]}}