{"id":102,"date":"2019-04-26T19:18:51","date_gmt":"2019-04-26T19:18:51","guid":{"rendered":"http:\/\/supportblock.de\/?page_id=102"},"modified":"2019-05-09T14:15:14","modified_gmt":"2019-05-09T14:15:14","slug":"datenschutzerklaerung","status":"publish","type":"page","link":"https:\/\/supportblock.de\/?page_id=102","title":{"rendered":"Datenschutzerkl\u00e4rung"},"content":{"rendered":"\n<p>Die Betreiber dieser Seiten nehmen den Schutz Ihrer pers\u00f6nlichen Daten sehr ernst. Wir behandeln Ihre personenbezogenen Daten vertraulich und entsprechend der gesetzlichen Datenschutzvorschriften sowie dieser  Datenschutzerkl\u00e4rung.<\/p>\n\n\n\n<p>Wir weisen darauf hin, dass die Daten\u00fcbertragung im Internet (z.B.  bei der Kommunikation per E-Mail)&nbsp;Sicherheitsl\u00fccken aufweisen kann. Ein  l\u00fcckenloser Schutz der Daten vor dem Zugriff durch Dritte ist  nicht&nbsp;m\u00f6glich.<\/p>\n\n\n\n<h4 class=\"wp-block-heading\">Hinweis zur verantwortlichen Stelle<\/h4>\n\n\n\n<p>Die verantwortliche Stelle f\u00fcr die Datenverarbeitung auf dieser Website ist:<\/p>\n\n\n\n<p>Supportblock Sankt Pauli<br>c\/o Fanladen St. Pauli<br>Heiligengeistfeld 1 A<br>20359 Hamburg  <br>kontakt[at]supportblock.de<\/p>\n\n\n\n<p>Verantwortliche Stelle ist die nat\u00fcrliche oder juristische Person,  die allein oder gemeinsam mit anderen \u00fcber die Zwecke und Mittel der  Verarbeitung von personenbezogenen Daten (z.B. Namen, E-Mail-Adressen o.  \u00c4.) entscheidet.<\/p>\n\n\n\n<h4 class=\"wp-block-heading\">Datenerfassung auf dieser Website<\/h4>\n\n\n\n<p>Der Provider der Seiten erhebt und speichert automatisch Informationen in so genannten Server-Log-Dateien, die Ihr Browser automatisch an uns \u00fcbermittelt. Dies sind:<\/p>\n\n\n\n<ul class=\"wp-block-list\"><li>Browsertyp und Browserversion<\/li><li>verwendetes Betriebssystem<\/li><li>Referrer URL<\/li><li>Hostname des zugreifenden Rechners<\/li><li>Uhrzeit der Serveranfrage<\/li><li>IP-Adresse<\/li><\/ul>\n\n\n\n<p>Eine Zusammenf\u00fchrung dieser Daten mit anderen Datenquellen wird nicht vorgenommen.<\/p>\n\n\n\n<p>Die Erfassung dieser Daten erfolgt auf Grundlage von Art. 6 Abs. 1  lit. f DSGVO. Der Websitebetreiber hat ein berechtigtes Interesse an der  technisch fehlerfreien Darstellung und der Optimierung seiner Website \u2013  hierzu m\u00fcssen die Server-Log-Files erfasst werden.<\/p>\n\n\n\n<h4 class=\"wp-block-heading\">Weitergabe von Daten und Profiling<\/h4>\n\n\n\n<p>Die auf dieser Website erfassten Daten werden nicht an Dritte weitergegeben und nicht in Drittl\u00e4nder oder an internationale Organisationen \u00fcbermittelt. Ein automatisiertes Profiling findet nicht statt. <\/p>\n\n\n\n<h4 class=\"wp-block-heading\">Beschwerderecht bei der zust\u00e4ndigen Aufsichtsbeh\u00f6rde<\/h4>\n\n\n\n<p>Im Falle von Verst\u00f6\u00dfen gegen die DSGVO steht den Betroffenen ein \nBeschwerderecht bei einer Aufsichtsbeh\u00f6rde, insbesondere in dem \nMitgliedstaat ihres gew\u00f6hnlichen Aufenthalts, ihres Arbeitsplatzes oder \ndes Orts des mutma\u00dflichen Versto\u00dfes zu. Das Beschwerderecht besteht \nunbeschadet anderweitiger verwaltungsrechtlicher oder gerichtlicher \nRechtsbehelfe.<\/p>\n\n\n\n<h4 class=\"wp-block-heading\">Auskunft, Sperrung, L\u00f6schung und Berichtigung<\/h4>\n\n\n\n<p>Sie haben im Rahmen der geltenden gesetzlichen Bestimmungen jederzeit  das Recht auf unentgeltliche Auskunft \u00fcber Ihre gespeicherten  personenbezogenen Daten, deren Herkunft und Empf\u00e4nger und den Zweck der Datenverarbeitung und ggf. ein Recht auf Berichtigung, Sperrung oder  L\u00f6schung dieser Daten. Hierzu sowie zu weiteren Fragen zum Thema  personenbezogene Daten k\u00f6nnen Sie sich jederzeit unter der oben  angegebenen Adresse an uns wenden.<\/p>\n\n\n\n<h4 class=\"wp-block-heading\">Widerspruch gegen Werbe-E-Mails<\/h4>\n\n\n\n<p>Der Nutzung von im Rahmen der Impressumspflicht ver\u00f6ffentlichten \nKontaktdaten zur \u00dcbersendung von nicht ausdr\u00fccklich angeforderter \nWerbung und Informationsmaterialien wird hiermit widersprochen. Die \nBetreiber der Seiten behalten sich ausdr\u00fccklich rechtliche Schritte im \nFalle der unverlangten Zusendung von Werbeinformationen, etwa durch \nSpam-E-Mails, vor.<\/p>\n","protected":false},"excerpt":{"rendered":"<p>Die Betreiber dieser Seiten nehmen den Schutz Ihrer pers\u00f6nlichen Daten sehr ernst. Wir behandeln Ihre personenbezogenen Daten vertraulich und entsprechend der gesetzlichen Datenschutzvorschriften sowie dieser Datenschutzerkl\u00e4rung. Wir weisen darauf hin, dass die Daten\u00fcbertragung im Internet (z.B. bei der Kommunikation per E-Mail)&nbsp;Sicherheitsl\u00fccken aufweisen kann. Ein l\u00fcckenloser Schutz der Daten vor dem Zugriff durch Dritte ist nicht&nbsp;m\u00f6glich&#8230;.<\/p>\n","protected":false},"author":2,"featured_media":0,"parent":0,"menu_order":0,"comment_status":"closed","ping_status":"closed","template":"","meta":{"footnotes":""},"class_list":["post-102","page","type-page","status-publish","hentry"],"_links":{"self":[{"href":"https:\/\/supportblock.de\/index.php?rest_route=\/wp\/v2\/pages\/102","targetHints":{"allow":["GET"]}}],"collection":[{"href":"https:\/\/supportblock.de\/index.php?rest_route=\/wp\/v2\/pages"}],"about":[{"href":"https:\/\/supportblock.de\/index.php?rest_route=\/wp\/v2\/types\/page"}],"author":[{"embeddable":true,"href":"https:\/\/supportblock.de\/index.php?rest_route=\/wp\/v2\/users\/2"}],"replies":[{"embeddable":true,"href":"https:\/\/supportblock.de\/index.php?rest_route=%2Fwp%2Fv2%2Fcomments&post=102"}],"version-history":[{"count":4,"href":"https:\/\/supportblock.de\/index.php?rest_route=\/wp\/v2\/pages\/102\/revisions"}],"predecessor-version":[{"id":127,"href":"https:\/\/supportblock.de\/index.php?rest_route=\/wp\/v2\/pages\/102\/revisions\/127"}],"wp:attachment":[{"href":"https:\/\/supportblock.de\/index.php?rest_route=%2Fwp%2Fv2%2Fmedia&parent=102"}],"curies":[{"name":"wp","href":"https:\/\/api.w.org\/{rel}","templated":true}]}}